{"id":16,"date":"2020-07-16T10:27:14","date_gmt":"2020-07-16T10:27:14","guid":{"rendered":"http:\/\/diament17.pl\/?page_id=16"},"modified":"2022-11-11T19:37:39","modified_gmt":"2022-11-11T18:37:39","slug":"contact","status":"publish","type":"page","link":"https:\/\/diament17.pl\/?page_id=16","title":{"rendered":"Kontakt"},"content":{"rendered":"\n<p>Nasza hodowla znajduje si\u0119 we wsi Diament ko\u0142o J\u0119drzejowa w wojew\u00f3dztwie \u015bwi\u0119tokrzyskiem. Niedaleko urokliwego lasu i trasy S7<\/p>\n\n\n\n<p><\/p>\n\n\n\n<p><\/p>\n\n\n\n<p><\/p>\n\n\n\n<p>Diament 17<br>28-300 J\u0119drzej\u00f3w<\/p>\n\n\n\n<p>tel : 602 722 689<br>mail : tom.misztal@gmail.com<\/p>\n\n\n\n<p><\/p>\n","protected":false},"excerpt":{"rendered":"<p>Nasza hodowla znajduje si\u0119 we wsi Diament ko\u0142o J\u0119drzejowa w wojew\u00f3dztwie \u015bwi\u0119tokrzyskiem. Niedaleko urokliwego lasu i trasy S7 Diament 1728-300 J\u0119drzej\u00f3w tel : 602 722 &hellip;<\/p>\n","protected":false},"author":1,"featured_media":472,"parent":0,"menu_order":0,"comment_status":"closed","ping_status":"closed","template":"","meta":{"om_disable_all_campaigns":false,"_monsterinsights_skip_tracking":false,"_monsterinsights_sitenote_active":false,"_monsterinsights_sitenote_note":"","_monsterinsights_sitenote_category":0,"footnotes":""},"class_list":["post-16","page","type-page","status-publish","has-post-thumbnail","hentry"],"aioseo_notices":[],"jetpack_sharing_enabled":true,"_links":{"self":[{"href":"https:\/\/diament17.pl\/index.php?rest_route=\/wp\/v2\/pages\/16","targetHints":{"allow":["GET"]}}],"collection":[{"href":"https:\/\/diament17.pl\/index.php?rest_route=\/wp\/v2\/pages"}],"about":[{"href":"https:\/\/diament17.pl\/index.php?rest_route=\/wp\/v2\/types\/page"}],"author":[{"embeddable":true,"href":"https:\/\/diament17.pl\/index.php?rest_route=\/wp\/v2\/users\/1"}],"replies":[{"embeddable":true,"href":"https:\/\/diament17.pl\/index.php?rest_route=%2Fwp%2Fv2%2Fcomments&post=16"}],"version-history":[{"count":6,"href":"https:\/\/diament17.pl\/index.php?rest_route=\/wp\/v2\/pages\/16\/revisions"}],"predecessor-version":[{"id":335,"href":"https:\/\/diament17.pl\/index.php?rest_route=\/wp\/v2\/pages\/16\/revisions\/335"}],"wp:featuredmedia":[{"embeddable":true,"href":"https:\/\/diament17.pl\/index.php?rest_route=\/wp\/v2\/media\/472"}],"wp:attachment":[{"href":"https:\/\/diament17.pl\/index.php?rest_route=%2Fwp%2Fv2%2Fmedia&parent=16"}],"curies":[{"name":"wp","href":"https:\/\/api.w.org\/{rel}","templated":true}]}}