{"id":552,"date":"2023-11-06T17:24:58","date_gmt":"2023-11-06T16:24:58","guid":{"rendered":"https:\/\/diament17.pl\/?page_id=552"},"modified":"2023-11-09T20:20:27","modified_gmt":"2023-11-09T19:20:27","slug":"etm-jeremy","status":"publish","type":"page","link":"https:\/\/diament17.pl\/?page_id=552","title":{"rendered":"ETM Jeremy"},"content":{"rendered":"\n<p>Data urodzenia : 20 sierpnia 2023 r.<\/p>\n\n\n\n<p>Kolor : bia\u0142y<\/p>\n\n\n\n<p>Jeremy to trzeci ch\u0142opak w naszym stadzie<\/p>\n\n\n\n<p>Powi\u0105zania w naszym stadzie : <a href=\"https:\/\/diament17.pl\/?page_id=165\" title=\"\">AOC Junona<\/a> (Mama)<\/p>\n\n\n<style>#jtg-555 .modula-item { border: 2px solid #dd9933; }#jtg-555 .modula-item { border-radius: 7px; }#jtg-555 .modula-item { box-shadow: #d3d3d3 0px 0px 4px; }#jtg-555 .modula-item .jtg-social a, .lightbox-socials.jtg-social a{ fill: #ffffff; color: #ffffff }#jtg-555 .modula-item .jtg-social-expandable a, #jtg-555 .modula-item .jtg-social-expandable-icons a{ fill: #ffffff; color: #ffffff }#jtg-555 .modula-item .jtg-social svg, .lightbox-socials.jtg-social svg { height: 16px; width: 16px }#jtg-555 .modula-item .jtg-social-expandable svg { height: 16px; width: 16px }#jtg-555 .modula-item .jtg-social-expandable-icons svg { height: 16px; width: 16px }#jtg-555 .modula-item .jtg-social a:not(:last-child), .lightbox-socials.jtg-social a:not(:last-child) { margin-right: 10px }#jtg-555 .modula-item .jtg-social-expandable-icons { gap: 10px }#jtg-555 .modula-item .no-socials{ display:none; }#jtg-555 .modula-item .figc {color:#ffffff;}#jtg-555 .modula-item .modula-item-content { transform: scale(1); }#jtg-555 { width:100%;}#jtg-555 .modula-items{height:800px;}@media screen and (max-width: 992px) {#jtg-555 .modula-items{height:800px;}}@media screen and (max-width: 768px) {#jtg-555 .modula-items{height:800px;}}#jtg-555 .modula-items .figc p.description { font-size:14px; }#jtg-555 .modula-items .figc p.description { color:#ffffff;}#jtg-555.modula-gallery .modula-item > a, #jtg-555.modula-gallery .modula-item, #jtg-555.modula-gallery .modula-item-content > a:not(.modula-no-follow) { cursor:zoom-in; } #jtg-555.modula-gallery .modula-item-content .modula-no-follow { cursor: default; } @media screen and (max-width:480px){#jtg-555 .modula-item .figc .jtg-title {  font-size: 12px; }#jtg-555 .modula-items .figc p.description { color:#ffffff;font-size:10px; }}<\/style>\n<div  id=\"jtg-555\" class=\"modula modula-gallery modula-creative-gallery\" data-config=\"{&quot;height&quot;:800,&quot;tabletHeight&quot;:800,&quot;mobileHeight&quot;:800,&quot;desktopHeight&quot;:800,&quot;enableTwitter&quot;:false,&quot;enableWhatsapp&quot;:false,&quot;enableFacebook&quot;:false,&quot;enablePinterest&quot;:false,&quot;enableLinkedin&quot;:false,&quot;enableEmail&quot;:false,&quot;randomFactor&quot;:0.5,&quot;type&quot;:&quot;creative-gallery&quot;,&quot;columns&quot;:12,&quot;gutter&quot;:10,&quot;mobileGutter&quot;:10,&quot;tabletGutter&quot;:10,&quot;desktopGutter&quot;:10,&quot;enableResponsive&quot;:&quot;0&quot;,&quot;tabletColumns&quot;:&quot;2&quot;,&quot;mobileColumns&quot;:&quot;1&quot;,&quot;lazyLoad&quot;:0,&quot;lightboxOpts&quot;:{&quot;animated&quot;:true,&quot;Thumbs&quot;:{&quot;type&quot;:&quot;modern&quot;,&quot;showOnStart&quot;:false},&quot;Toolbar&quot;:{&quot;display&quot;:{&quot;right&quot;:[&quot;close&quot;]},&quot;enabled&quot;:true},&quot;Carousel&quot;:{&quot;Panzoom&quot;:{&quot;touch&quot;:false},&quot;infinite&quot;:false},&quot;keyboard&quot;:{&quot;Escape&quot;:&quot;close&quot;,&quot;Delete&quot;:&quot;close&quot;,&quot;Backspace&quot;:&quot;close&quot;,&quot;PageUp&quot;:false,&quot;PageDown&quot;:false,&quot;ArrowUp&quot;:false,&quot;ArrowDown&quot;:false,&quot;ArrowRight&quot;:false,&quot;ArrowLeft&quot;:false},&quot;touch&quot;:false,&quot;backdropClick&quot;:false,&quot;l10n&quot;:{&quot;CLOSE&quot;:&quot;Zamknij&quot;,&quot;NEXT&quot;:&quot;Nast\\u0119pny&quot;,&quot;PREV&quot;:&quot;Poprzedni&quot;,&quot;Error&quot;:&quot;Nie mo\\u017cna wczyta\\u0107 \\u017c\\u0105danej tre\\u015bci. Spr\\u00f3buj ponownie p\\u00f3\\u017aniej.&quot;,&quot;PLAY_START&quot;:&quot;Rozpocznij pokaz slajd\\u00f3w&quot;,&quot;PLAY_STOP&quot;:&quot;Zatrzymaj pokaz slajd\\u00f3w&quot;,&quot;FULL_SCREEN&quot;:&quot;Pe\\u0142ny ekran&quot;,&quot;THUMBS&quot;:&quot;Miniaturki&quot;,&quot;DOWNLOAD&quot;:&quot;Pobieranie&quot;,&quot;SHARE&quot;:&quot;Udost\\u0119pnij&quot;,&quot;ZOOM&quot;:&quot;Powi\\u0119kszenie&quot;,&quot;EMAIL&quot;:&quot;Oto odno\\u015bnik do obrazka: %%image_link%%, a oto odno\\u015bnik do galerii: %%gallery_link%%&quot;,&quot;MODAL&quot;:&quot;Mo\\u017cesz zamkn\\u0105\\u0107 t\\u0119 zawarto\\u015b\\u0107 okna modalnego za pomoc\\u0105 klawisza ESC&quot;,&quot;ERROR&quot;:&quot;Co\\u015b posz\\u0142o nie tak. Spr\\u00f3buj ponownie p\\u00f3\\u017aniej&quot;,&quot;IMAGE_ERROR&quot;:&quot;Nie znaleziono obrazka&quot;,&quot;ELEMENT_NOT_FOUND&quot;:&quot;Nie znaleziono elementu HTML&quot;,&quot;AJAX_NOT_FOUND&quot;:&quot;B\\u0142\\u0105d wczytywania AJAX: Nie znaleziono&quot;,&quot;AJAX_FORBIDDEN&quot;:&quot;B\\u0142\\u0105d wczytywania AJAX: Zabronione&quot;,&quot;IFRAME_ERROR&quot;:&quot;B\\u0142\\u0105d wczytywania strony&quot;,&quot;TOGGLE_ZOOM&quot;:&quot;Prze\\u0142\\u0105cz poziom powi\\u0119kszenia&quot;,&quot;TOGGLE_THUMBS&quot;:&quot;Prze\\u0142\\u0105cz miniaturki&quot;,&quot;TOGGLE_SLIDESHOW&quot;:&quot;Prze\\u0142\\u0105cz pokaz slajd\\u00f3w&quot;,&quot;TOGGLE_FULLSCREEN&quot;:&quot;Prze\\u0142\\u0105cz tryb pe\\u0142noekranowy&quot;},&quot;Images&quot;:{&quot;Panzoom&quot;:{&quot;maxScale&quot;:2}},&quot;mainClass&quot;:&quot;modula-fancybox-container modula-lightbox-jtg-555&quot;,&quot;Html&quot;:{&quot;videoAutoplay&quot;:0,&quot;videoTpl&quot;:&quot;&lt;video class=\\&quot;fancybox__html5video\\&quot; controls muted playsinline controlsList controlsList=\\&quot;nodownload\\&quot; poster=\\&quot;{{poster}}\\&quot; src=\\&quot;{{src}}\\&quot; type=\\&quot;{{format}}\\&quot; &gt;  Sorry, your browser doesn&#039;t support embedded videos, &lt;a href=\\&quot;{{src}}\\&quot;&gt; download &lt;\\\/a&gt; and watch with your favorite video player! &lt;\\\/video&gt;&quot;}},&quot;inView&quot;:false,&quot;email_subject&quot;:&quot;Sprawd\\u017a ten niesamowity obrazek!&quot;,&quot;email_message&quot;:&quot;Oto odno\\u015bnik do obrazku: %%image_link%%, a to odno\\u015bnik do galerii: %%gallery_link%%&quot;,&quot;lightbox&quot;:&quot;fancybox&quot;}\">\n\n\t\n\t<div  class=\"modula-items\">\n\t\t<div class=\"modula-item effect-pufrobo\" >\n\t<div class=\"modula-item-overlay\"><\/div>\n\n\t<div class=\"modula-item-content\">\n\n\t\t\t\t\n\t\t\t\t\t<a data-image-id=\"556\" role=\"button\" tabindex=\"0\" rel=\"jtg-555\" data-caption=\"\" aria-label=\"Otw\u00f3rz obrazek w lightboxie\" class=\"tile-inner modula-item-link\"><\/a>\n\t\t\n\t\t<img loading=\"lazy\" decoding=\"async\" class=\"pic wp-image-556\"  data-valign=\"middle\" data-halign=\"center\" alt=\"\" data-full=\"https:\/\/diament17.pl\/wp-content\/uploads\/2023\/11\/780E24B4-7431-4CE6-B459-185A322F970F_1_201_a.heic\" title=\"780E24B4-7431-4CE6-B459-185A322F970F_1_201_a\" width=\"1\" height=\"1\" src=\"https:\/\/diament17.pl\/wp-content\/uploads\/2023\/11\/780E24B4-7431-4CE6-B459-185A322F970F_1_201_a.heic\" data-src=\"https:\/\/diament17.pl\/wp-content\/uploads\/2023\/11\/780E24B4-7431-4CE6-B459-185A322F970F_1_201_a.heic\" data-caption=\"\"\/>\n\t\t<div class=\"figc no-description\">\n\t\t\t<div class=\"figc-inner\">\n\t\t\t\t\t\t\t\t\t\t\t\t\t\t\t<\/div>\n\t\t<\/div>\n\n\t<\/div>\n\n<\/div><div class=\"modula-item effect-pufrobo\" >\n\t<div class=\"modula-item-overlay\"><\/div>\n\n\t<div class=\"modula-item-content\">\n\n\t\t\t\t\n\t\t\t\t\t<a data-image-id=\"557\" role=\"button\" tabindex=\"0\" rel=\"jtg-555\" data-caption=\"\" aria-label=\"Otw\u00f3rz obrazek w lightboxie\" class=\"tile-inner modula-item-link\"><\/a>\n\t\t\n\t\t<img loading=\"lazy\" decoding=\"async\" class=\"pic wp-image-557\"  data-valign=\"middle\" data-halign=\"center\" alt=\"\" data-full=\"https:\/\/diament17.pl\/wp-content\/uploads\/2023\/11\/4CED06D4-5ADC-4481-9BE6-A3FD6C1E1411_1_201_a.heic\" title=\"4CED06D4-5ADC-4481-9BE6-A3FD6C1E1411_1_201_a\" width=\"1\" height=\"1\" src=\"https:\/\/diament17.pl\/wp-content\/uploads\/2023\/11\/4CED06D4-5ADC-4481-9BE6-A3FD6C1E1411_1_201_a.heic\" data-src=\"https:\/\/diament17.pl\/wp-content\/uploads\/2023\/11\/4CED06D4-5ADC-4481-9BE6-A3FD6C1E1411_1_201_a.heic\" data-caption=\"\"\/>\n\t\t<div class=\"figc no-description\">\n\t\t\t<div class=\"figc-inner\">\n\t\t\t\t\t\t\t\t\t\t\t\t\t\t\t<\/div>\n\t\t<\/div>\n\n\t<\/div>\n\n<\/div><div class=\"modula-item effect-pufrobo\" >\n\t<div class=\"modula-item-overlay\"><\/div>\n\n\t<div class=\"modula-item-content\">\n\n\t\t\t\t\n\t\t\t\t\t<a data-image-id=\"558\" role=\"button\" tabindex=\"0\" rel=\"jtg-555\" data-caption=\"\" aria-label=\"Otw\u00f3rz obrazek w lightboxie\" class=\"tile-inner modula-item-link\"><\/a>\n\t\t\n\t\t<img loading=\"lazy\" decoding=\"async\" class=\"pic wp-image-558\"  data-valign=\"middle\" data-halign=\"center\" alt=\"\" data-full=\"https:\/\/diament17.pl\/wp-content\/uploads\/2023\/11\/6597CF86-3899-4CC0-A2AA-7D0CC976B6A2_1_201_a.heic\" title=\"6597CF86-3899-4CC0-A2AA-7D0CC976B6A2_1_201_a\" width=\"1\" height=\"1\" src=\"https:\/\/diament17.pl\/wp-content\/uploads\/2023\/11\/6597CF86-3899-4CC0-A2AA-7D0CC976B6A2_1_201_a.heic\" data-src=\"https:\/\/diament17.pl\/wp-content\/uploads\/2023\/11\/6597CF86-3899-4CC0-A2AA-7D0CC976B6A2_1_201_a.heic\" data-caption=\"\"\/>\n\t\t<div class=\"figc no-description\">\n\t\t\t<div class=\"figc-inner\">\n\t\t\t\t\t\t\t\t\t\t\t\t\t\t\t<\/div>\n\t\t<\/div>\n\n\t<\/div>\n\n<\/div><div class=\"modula-item effect-pufrobo\" >\n\t<div class=\"modula-item-overlay\"><\/div>\n\n\t<div class=\"modula-item-content\">\n\n\t\t\t\t\n\t\t\t\t\t<a data-image-id=\"559\" role=\"button\" tabindex=\"0\" rel=\"jtg-555\" data-caption=\"\" aria-label=\"Otw\u00f3rz obrazek w lightboxie\" class=\"tile-inner modula-item-link\"><\/a>\n\t\t\n\t\t<img loading=\"lazy\" decoding=\"async\" class=\"pic wp-image-559\"  data-valign=\"middle\" data-halign=\"center\" alt=\"\" data-full=\"https:\/\/diament17.pl\/wp-content\/uploads\/2023\/11\/6DE62BDC-E963-4F88-93F9-BFBB4220566A_1_201_a.heic\" title=\"6DE62BDC-E963-4F88-93F9-BFBB4220566A_1_201_a\" width=\"1\" height=\"1\" src=\"https:\/\/diament17.pl\/wp-content\/uploads\/2023\/11\/6DE62BDC-E963-4F88-93F9-BFBB4220566A_1_201_a.heic\" data-src=\"https:\/\/diament17.pl\/wp-content\/uploads\/2023\/11\/6DE62BDC-E963-4F88-93F9-BFBB4220566A_1_201_a.heic\" data-caption=\"\"\/>\n\t\t<div class=\"figc no-description\">\n\t\t\t<div class=\"figc-inner\">\n\t\t\t\t\t\t\t\t\t\t\t\t\t\t\t<\/div>\n\t\t<\/div>\n\n\t<\/div>\n\n<\/div><div class=\"modula-item effect-pufrobo\" >\n\t<div class=\"modula-item-overlay\"><\/div>\n\n\t<div class=\"modula-item-content\">\n\n\t\t\t\t\n\t\t\t\t\t<a data-image-id=\"560\" role=\"button\" tabindex=\"0\" rel=\"jtg-555\" data-caption=\"\" aria-label=\"Otw\u00f3rz obrazek w lightboxie\" class=\"tile-inner modula-item-link\"><\/a>\n\t\t\n\t\t<img loading=\"lazy\" decoding=\"async\" class=\"pic wp-image-560\"  data-valign=\"middle\" data-halign=\"center\" alt=\"\" data-full=\"https:\/\/diament17.pl\/wp-content\/uploads\/2023\/11\/69A012D8-1A04-496C-BF4F-807F0DA0B321_1_201_a.heic\" title=\"69A012D8-1A04-496C-BF4F-807F0DA0B321_1_201_a\" width=\"1\" height=\"1\" src=\"https:\/\/diament17.pl\/wp-content\/uploads\/2023\/11\/69A012D8-1A04-496C-BF4F-807F0DA0B321_1_201_a.heic\" data-src=\"https:\/\/diament17.pl\/wp-content\/uploads\/2023\/11\/69A012D8-1A04-496C-BF4F-807F0DA0B321_1_201_a.heic\" data-caption=\"\"\/>\n\t\t<div class=\"figc no-description\">\n\t\t\t<div class=\"figc-inner\">\n\t\t\t\t\t\t\t\t\t\t\t\t\t\t\t<\/div>\n\t\t<\/div>\n\n\t<\/div>\n\n<\/div><div class=\"modula-item effect-pufrobo\" >\n\t<div class=\"modula-item-overlay\"><\/div>\n\n\t<div class=\"modula-item-content\">\n\n\t\t\t\t\n\t\t\t\t\t<a data-image-id=\"561\" role=\"button\" tabindex=\"0\" rel=\"jtg-555\" data-caption=\"\" aria-label=\"Otw\u00f3rz obrazek w lightboxie\" class=\"tile-inner modula-item-link\"><\/a>\n\t\t\n\t\t<img loading=\"lazy\" decoding=\"async\" class=\"pic wp-image-561\"  data-valign=\"middle\" data-halign=\"center\" alt=\"\" data-full=\"https:\/\/diament17.pl\/wp-content\/uploads\/2023\/11\/EB1F4F55-17F4-4165-8EEB-CB87BBD51958_1_201_a.heic\" title=\"EB1F4F55-17F4-4165-8EEB-CB87BBD51958_1_201_a\" width=\"1\" height=\"1\" src=\"https:\/\/diament17.pl\/wp-content\/uploads\/2023\/11\/EB1F4F55-17F4-4165-8EEB-CB87BBD51958_1_201_a.heic\" data-src=\"https:\/\/diament17.pl\/wp-content\/uploads\/2023\/11\/EB1F4F55-17F4-4165-8EEB-CB87BBD51958_1_201_a.heic\" data-caption=\"\"\/>\n\t\t<div class=\"figc no-description\">\n\t\t\t<div class=\"figc-inner\">\n\t\t\t\t\t\t\t\t\t\t\t\t\t\t\t<\/div>\n\t\t<\/div>\n\n\t<\/div>\n\n<\/div><div class=\"modula-item effect-pufrobo\" >\n\t<div class=\"modula-item-overlay\"><\/div>\n\n\t<div class=\"modula-item-content\">\n\n\t\t\t\t\n\t\t\t\t\t<a data-image-id=\"562\" role=\"button\" tabindex=\"0\" rel=\"jtg-555\" data-caption=\"\" aria-label=\"Otw\u00f3rz obrazek w lightboxie\" class=\"tile-inner modula-item-link\"><\/a>\n\t\t\n\t\t<img loading=\"lazy\" decoding=\"async\" class=\"pic wp-image-562\"  data-valign=\"middle\" data-halign=\"center\" alt=\"\" data-full=\"https:\/\/diament17.pl\/wp-content\/uploads\/2023\/11\/9B6B4BBB-D8C6-4C96-9EFF-46472FFB1DC8_1_201_a.heic\" title=\"9B6B4BBB-D8C6-4C96-9EFF-46472FFB1DC8_1_201_a\" width=\"1\" height=\"1\" src=\"https:\/\/diament17.pl\/wp-content\/uploads\/2023\/11\/9B6B4BBB-D8C6-4C96-9EFF-46472FFB1DC8_1_201_a.heic\" data-src=\"https:\/\/diament17.pl\/wp-content\/uploads\/2023\/11\/9B6B4BBB-D8C6-4C96-9EFF-46472FFB1DC8_1_201_a.heic\" data-caption=\"\"\/>\n\t\t<div class=\"figc no-description\">\n\t\t\t<div class=\"figc-inner\">\n\t\t\t\t\t\t\t\t\t\t\t\t\t\t\t<\/div>\n\t\t<\/div>\n\n\t<\/div>\n\n<\/div><div class=\"modula-item effect-pufrobo\" >\n\t<div class=\"modula-item-overlay\"><\/div>\n\n\t<div class=\"modula-item-content\">\n\n\t\t\t\t\n\t\t\t\t\t<a data-image-id=\"563\" role=\"button\" tabindex=\"0\" rel=\"jtg-555\" data-caption=\"\" aria-label=\"Otw\u00f3rz obrazek w lightboxie\" class=\"tile-inner modula-item-link\"><\/a>\n\t\t\n\t\t<img loading=\"lazy\" decoding=\"async\" class=\"pic wp-image-563\"  data-valign=\"middle\" data-halign=\"center\" alt=\"\" data-full=\"https:\/\/diament17.pl\/wp-content\/uploads\/2023\/11\/BE6C79D6-6302-4440-8561-3D480AC42B57_1_201_a.heic\" title=\"BE6C79D6-6302-4440-8561-3D480AC42B57_1_201_a\" width=\"1\" height=\"1\" src=\"https:\/\/diament17.pl\/wp-content\/uploads\/2023\/11\/BE6C79D6-6302-4440-8561-3D480AC42B57_1_201_a.heic\" data-src=\"https:\/\/diament17.pl\/wp-content\/uploads\/2023\/11\/BE6C79D6-6302-4440-8561-3D480AC42B57_1_201_a.heic\" data-caption=\"\"\/>\n\t\t<div class=\"figc no-description\">\n\t\t\t<div class=\"figc-inner\">\n\t\t\t\t\t\t\t\t\t\t\t\t\t\t\t<\/div>\n\t\t<\/div>\n\n\t<\/div>\n\n<\/div><div class=\"modula-item effect-pufrobo\" >\n\t<div class=\"modula-item-overlay\"><\/div>\n\n\t<div class=\"modula-item-content\">\n\n\t\t\t\t\n\t\t\t\t\t<a data-image-id=\"564\" role=\"button\" tabindex=\"0\" rel=\"jtg-555\" data-caption=\"\" aria-label=\"Otw\u00f3rz obrazek w lightboxie\" class=\"tile-inner modula-item-link\"><\/a>\n\t\t\n\t\t<img loading=\"lazy\" decoding=\"async\" class=\"pic wp-image-564\"  data-valign=\"middle\" data-halign=\"center\" alt=\"\" data-full=\"https:\/\/diament17.pl\/wp-content\/uploads\/2023\/11\/017C092D-02A0-4AAB-8CA9-2C8800A73119_1_201_a.heic\" title=\"Junia &amp; Jeremy\" width=\"1\" height=\"1\" src=\"https:\/\/diament17.pl\/wp-content\/uploads\/2023\/11\/017C092D-02A0-4AAB-8CA9-2C8800A73119_1_201_a.heic\" data-src=\"https:\/\/diament17.pl\/wp-content\/uploads\/2023\/11\/017C092D-02A0-4AAB-8CA9-2C8800A73119_1_201_a.heic\" data-caption=\"\"\/>\n\t\t<div class=\"figc no-description\">\n\t\t\t<div class=\"figc-inner\">\n\t\t\t\t\t\t\t\t\t\t\t\t\t\t\t<\/div>\n\t\t<\/div>\n\n\t<\/div>\n\n<\/div><div class=\"modula-item effect-pufrobo\" >\n\t<div class=\"modula-item-overlay\"><\/div>\n\n\t<div class=\"modula-item-content\">\n\n\t\t\t\t\n\t\t\t\t\t<a data-image-id=\"565\" role=\"button\" tabindex=\"0\" rel=\"jtg-555\" data-caption=\"\" aria-label=\"Otw\u00f3rz obrazek w lightboxie\" class=\"tile-inner modula-item-link\"><\/a>\n\t\t\n\t\t<img loading=\"lazy\" decoding=\"async\" class=\"pic wp-image-565\"  data-valign=\"middle\" data-halign=\"center\" alt=\"\" data-full=\"https:\/\/diament17.pl\/wp-content\/uploads\/2023\/11\/60F02E27-DC7C-4C1B-BF5F-060EDF4FEEC7_1_201_a.heic\" title=\"60F02E27-DC7C-4C1B-BF5F-060EDF4FEEC7_1_201_a\" width=\"1\" height=\"1\" src=\"https:\/\/diament17.pl\/wp-content\/uploads\/2023\/11\/60F02E27-DC7C-4C1B-BF5F-060EDF4FEEC7_1_201_a.heic\" data-src=\"https:\/\/diament17.pl\/wp-content\/uploads\/2023\/11\/60F02E27-DC7C-4C1B-BF5F-060EDF4FEEC7_1_201_a.heic\" data-caption=\"\"\/>\n\t\t<div class=\"figc no-description\">\n\t\t\t<div class=\"figc-inner\">\n\t\t\t\t\t\t\t\t\t\t\t\t\t\t\t<\/div>\n\t\t<\/div>\n\n\t<\/div>\n\n<\/div><div class=\"modula-item effect-pufrobo\" >\n\t<div class=\"modula-item-overlay\"><\/div>\n\n\t<div class=\"modula-item-content\">\n\n\t\t\t\t\n\t\t\t\t\t<a data-image-id=\"566\" role=\"button\" tabindex=\"0\" rel=\"jtg-555\" data-caption=\"\" aria-label=\"Otw\u00f3rz obrazek w lightboxie\" class=\"tile-inner modula-item-link\"><\/a>\n\t\t\n\t\t<img loading=\"lazy\" decoding=\"async\" class=\"pic wp-image-566\"  data-valign=\"middle\" data-halign=\"center\" alt=\"\" data-full=\"https:\/\/diament17.pl\/wp-content\/uploads\/2023\/11\/F1E7B194-C674-4D24-8E37-9C76043E2858_1_201_a.heic\" title=\"F1E7B194-C674-4D24-8E37-9C76043E2858_1_201_a\" width=\"1\" height=\"1\" src=\"https:\/\/diament17.pl\/wp-content\/uploads\/2023\/11\/F1E7B194-C674-4D24-8E37-9C76043E2858_1_201_a.heic\" data-src=\"https:\/\/diament17.pl\/wp-content\/uploads\/2023\/11\/F1E7B194-C674-4D24-8E37-9C76043E2858_1_201_a.heic\" data-caption=\"\"\/>\n\t\t<div class=\"figc no-description\">\n\t\t\t<div class=\"figc-inner\">\n\t\t\t\t\t\t\t\t\t\t\t\t\t\t\t<\/div>\n\t\t<\/div>\n\n\t<\/div>\n\n<\/div><div class=\"modula-item effect-pufrobo\" >\n\t<div class=\"modula-item-overlay\"><\/div>\n\n\t<div class=\"modula-item-content\">\n\n\t\t\t\t\n\t\t\t\t\t<a data-image-id=\"567\" role=\"button\" tabindex=\"0\" rel=\"jtg-555\" data-caption=\"\" aria-label=\"Otw\u00f3rz obrazek w lightboxie\" class=\"tile-inner modula-item-link\"><\/a>\n\t\t\n\t\t<img loading=\"lazy\" decoding=\"async\" class=\"pic wp-image-567\"  data-valign=\"middle\" data-halign=\"center\" alt=\"\" data-full=\"https:\/\/diament17.pl\/wp-content\/uploads\/2023\/11\/D9054A87-09B0-43D9-A32E-479781942B32_1_201_a.heic\" title=\"D9054A87-09B0-43D9-A32E-479781942B32_1_201_a\" width=\"1\" height=\"1\" src=\"https:\/\/diament17.pl\/wp-content\/uploads\/2023\/11\/D9054A87-09B0-43D9-A32E-479781942B32_1_201_a.heic\" data-src=\"https:\/\/diament17.pl\/wp-content\/uploads\/2023\/11\/D9054A87-09B0-43D9-A32E-479781942B32_1_201_a.heic\" data-caption=\"\"\/>\n\t\t<div class=\"figc no-description\">\n\t\t\t<div class=\"figc-inner\">\n\t\t\t\t\t\t\t\t\t\t\t\t\t\t\t<\/div>\n\t\t<\/div>\n\n\t<\/div>\n\n<\/div><div class=\"modula-item effect-pufrobo\" >\n\t<div class=\"modula-item-overlay\"><\/div>\n\n\t<div class=\"modula-item-content\">\n\n\t\t\t\t\n\t\t\t\t\t<a data-image-id=\"568\" role=\"button\" tabindex=\"0\" rel=\"jtg-555\" data-caption=\"\" aria-label=\"Otw\u00f3rz obrazek w lightboxie\" class=\"tile-inner modula-item-link\"><\/a>\n\t\t\n\t\t<img loading=\"lazy\" decoding=\"async\" class=\"pic wp-image-568\"  data-valign=\"middle\" data-halign=\"center\" alt=\"\" data-full=\"https:\/\/diament17.pl\/wp-content\/uploads\/2023\/11\/2897E413-6541-4095-ABD8-517F4E114735_1_201_a.heic\" title=\"2897E413-6541-4095-ABD8-517F4E114735_1_201_a\" width=\"1\" height=\"1\" src=\"https:\/\/diament17.pl\/wp-content\/uploads\/2023\/11\/2897E413-6541-4095-ABD8-517F4E114735_1_201_a.heic\" data-src=\"https:\/\/diament17.pl\/wp-content\/uploads\/2023\/11\/2897E413-6541-4095-ABD8-517F4E114735_1_201_a.heic\" data-caption=\"\"\/>\n\t\t<div class=\"figc no-description\">\n\t\t\t<div class=\"figc-inner\">\n\t\t\t\t\t\t\t\t\t\t\t\t\t\t\t<\/div>\n\t\t<\/div>\n\n\t<\/div>\n\n<\/div><div class=\"modula-item effect-pufrobo\" >\n\t<div class=\"modula-item-overlay\"><\/div>\n\n\t<div class=\"modula-item-content\">\n\n\t\t\t\t\n\t\t\t\t\t<a data-image-id=\"569\" role=\"button\" tabindex=\"0\" rel=\"jtg-555\" data-caption=\"\" aria-label=\"Otw\u00f3rz obrazek w lightboxie\" class=\"tile-inner modula-item-link\"><\/a>\n\t\t\n\t\t<img loading=\"lazy\" decoding=\"async\" class=\"pic wp-image-569\"  data-valign=\"middle\" data-halign=\"center\" alt=\"\" data-full=\"https:\/\/diament17.pl\/wp-content\/uploads\/2023\/11\/FD14797F-53D9-41CA-95F9-C53F30CC9AC5_1_201_a.heic\" title=\"FD14797F-53D9-41CA-95F9-C53F30CC9AC5_1_201_a\" width=\"1\" height=\"1\" src=\"https:\/\/diament17.pl\/wp-content\/uploads\/2023\/11\/FD14797F-53D9-41CA-95F9-C53F30CC9AC5_1_201_a.heic\" data-src=\"https:\/\/diament17.pl\/wp-content\/uploads\/2023\/11\/FD14797F-53D9-41CA-95F9-C53F30CC9AC5_1_201_a.heic\" data-caption=\"\"\/>\n\t\t<div class=\"figc no-description\">\n\t\t\t<div class=\"figc-inner\">\n\t\t\t\t\t\t\t\t\t\t\t\t\t\t\t<\/div>\n\t\t<\/div>\n\n\t<\/div>\n\n<\/div><div class=\"modula-item effect-pufrobo\" >\n\t<div class=\"modula-item-overlay\"><\/div>\n\n\t<div class=\"modula-item-content\">\n\n\t\t\t\t\n\t\t\t\t\t<a data-image-id=\"570\" role=\"button\" tabindex=\"0\" rel=\"jtg-555\" data-caption=\"\" aria-label=\"Otw\u00f3rz obrazek w lightboxie\" class=\"tile-inner modula-item-link\"><\/a>\n\t\t\n\t\t<img loading=\"lazy\" decoding=\"async\" class=\"pic wp-image-570\"  data-valign=\"middle\" data-halign=\"center\" alt=\"\" data-full=\"https:\/\/diament17.pl\/wp-content\/uploads\/2023\/11\/0FCED8B9-0C0F-4A87-9E25-826A6E2AF451_1_201_a.heic\" title=\"0FCED8B9-0C0F-4A87-9E25-826A6E2AF451_1_201_a\" width=\"1\" height=\"1\" src=\"https:\/\/diament17.pl\/wp-content\/uploads\/2023\/11\/0FCED8B9-0C0F-4A87-9E25-826A6E2AF451_1_201_a.heic\" data-src=\"https:\/\/diament17.pl\/wp-content\/uploads\/2023\/11\/0FCED8B9-0C0F-4A87-9E25-826A6E2AF451_1_201_a.heic\" data-caption=\"\"\/>\n\t\t<div class=\"figc no-description\">\n\t\t\t<div class=\"figc-inner\">\n\t\t\t\t\t\t\t\t\t\t\t\t\t\t\t<\/div>\n\t\t<\/div>\n\n\t<\/div>\n\n<\/div>\t\t\n\t<\/div>\n\n\t\n\t\n\t<script type=\"application\/ld+json\">\n\t{\n\t\t\"@context\": \"http:\/\/schema.org\",\n\t\t\"@type\"   : \"ImageGallery\",\n\t\t\"id\"      : \"https:\/\/diament17.pl\/?page_id=552\/\",\n\t\t\"url\"     : \"https:\/\/diament17.pl\/?page_id=552\/\"\n\t}\n\n\t<\/script>\n\n\t\n<\/div>\n\n\n\n<p><\/p>\n\n\n\n<iframe allow=\"autoplay *; encrypted-media *; fullscreen *; clipboard-write\" frameborder=\"0\" height=\"175\" style=\"width:100%;max-width:660px;overflow:hidden;border-radius:10px;\" sandbox=\"allow-forms allow-popups allow-same-origin allow-scripts allow-storage-access-by-user-activation allow-top-navigation-by-user-activation\" src=\"https:\/\/embed.music.apple.com\/pl\/album\/jeremy\/425465247?i=425465353&amp;l=pl\"><\/iframe>\n","protected":false},"excerpt":{"rendered":"<p>Data urodzenia : 20 sierpnia 2023 r. Kolor : bia\u0142y Jeremy to trzeci ch\u0142opak w naszym stadzie Powi\u0105zania w naszym stadzie : AOC Junona (Mama)<\/p>\n","protected":false},"author":1,"featured_media":569,"parent":0,"menu_order":0,"comment_status":"closed","ping_status":"closed","template":"","meta":{"om_disable_all_campaigns":false,"_monsterinsights_skip_tracking":false,"_monsterinsights_sitenote_active":false,"_monsterinsights_sitenote_note":"","_monsterinsights_sitenote_category":0,"footnotes":""},"class_list":["post-552","page","type-page","status-publish","has-post-thumbnail","hentry"],"aioseo_notices":[],"jetpack_sharing_enabled":true,"_links":{"self":[{"href":"https:\/\/diament17.pl\/index.php?rest_route=\/wp\/v2\/pages\/552","targetHints":{"allow":["GET"]}}],"collection":[{"href":"https:\/\/diament17.pl\/index.php?rest_route=\/wp\/v2\/pages"}],"about":[{"href":"https:\/\/diament17.pl\/index.php?rest_route=\/wp\/v2\/types\/page"}],"author":[{"embeddable":true,"href":"https:\/\/diament17.pl\/index.php?rest_route=\/wp\/v2\/users\/1"}],"replies":[{"embeddable":true,"href":"https:\/\/diament17.pl\/index.php?rest_route=%2Fwp%2Fv2%2Fcomments&post=552"}],"version-history":[{"count":9,"href":"https:\/\/diament17.pl\/index.php?rest_route=\/wp\/v2\/pages\/552\/revisions"}],"predecessor-version":[{"id":689,"href":"https:\/\/diament17.pl\/index.php?rest_route=\/wp\/v2\/pages\/552\/revisions\/689"}],"wp:featuredmedia":[{"embeddable":true,"href":"https:\/\/diament17.pl\/index.php?rest_route=\/wp\/v2\/media\/569"}],"wp:attachment":[{"href":"https:\/\/diament17.pl\/index.php?rest_route=%2Fwp%2Fv2%2Fmedia&parent=552"}],"curies":[{"name":"wp","href":"https:\/\/api.w.org\/{rel}","templated":true}]}}